{"id":639,"date":"2025-06-18T00:00:28","date_gmt":"2025-06-18T00:00:28","guid":{"rendered":"https:\/\/sklep.alinaduchnowska.pl\/sklepad\/?post_type=product&#038;p=639"},"modified":"2025-11-15T12:17:34","modified_gmt":"2025-11-15T12:17:34","slug":"komplet-klan-smoka-tom-1-tom-2-tom-3-tom-4-2","status":"publish","type":"product","link":"https:\/\/sklep.alinaduchnowska.pl\/sklepad\/index.php\/produkt\/komplet-klan-smoka-tom-1-tom-2-tom-3-tom-4-2\/","title":{"rendered":"Komplet Klan Smoka: tom 1 + tom 2 + tom 3 + tom 4"},"content":{"rendered":"<p>Klan Smoka komplet: Bariera,\u00a0 Iluzje, Bestia, Krew Otore<\/p>\n<p><strong>Historia mi\u0142o\u015bci, kt\u00f3ra nie mia\u0142aby prawa si\u0119 zdarzy\u0107, gdyby zakl\u0119cia dzia\u0142a\u0142y tak, jak powinny.<\/strong><\/p>\n<p><a href=\"https:\/\/alinaduchnowska.pl\/o-ksiazce-alina-duchnowska\/\" target=\"_blank\" rel=\"noopener\"><strong>Bariera, Klan Smoka tom 1:<\/strong><\/a><\/p>\n<p>\u017bycie m\u0142odego Altamira Ivesse zmienia si\u0119 nieodwracalnie, kiedy pewnego dnia budzi si\u0119 w nim magia. \u017bywio\u0142, nad kt\u00f3rym ch\u0142opiec nie jest w stanie zapanowa\u0107, \u015bci\u0105ga na niego uwag\u0119 si\u0142, kt\u00f3rych nikt nie chce dra\u017cni\u0107.<\/p>\n<p>Do Ivesse przybywa magini Yuno maj\u0105ca zosta\u0107 nauczycielk\u0105 ch\u0142opca. Jednak skrywane przez ni\u0105 tajemnice ju\u017c wkr\u00f3tce zagro\u017c\u0105 zniszczeniem wszystkiego, co z takim wysi\u0142kiem pr\u00f3bowa\u0142a chroni\u0107. W wyniku niespodziewanych okoliczno\u015bci Altamir straci wszystko, co by\u0142o mu drogie. Samotny i wydany na pastw\u0119 szalej\u0105cej w nim magii poprzysi\u0119gnie zemst\u0119 na wrogach. Up\u0142ynie jednak wiele lat, zanim b\u0119dzie mia\u0142 ku temu okazj\u0119, a drogi jego i Yuno ponownie si\u0119 skrzy\u017cuj\u0105.<\/p>\n<p><a href=\"https:\/\/alinaduchnowska.pl\/o-ksiazce-iluzje-alina-duchnowska\/\" target=\"_blank\" rel=\"noopener\"><strong>Iluzje, Klan Smoka tom 2:<\/strong><\/a><\/p>\n<p>Ruth oplata Kervaloren coraz g\u0119stsz\u0105 paj\u0119czyn\u0105 \u015bmiertelnych intryg. Wojska Klanu Or\u0142a s\u0105 gotowe, aby w ka\u017cdej chwili run\u0105\u0107 na po\u0142udnie. Tymczasem w\u015br\u00f3d cz\u0142onk\u00f3w Klanu Tygrysa kr\u0105\u017c\u0105 nieprzychylne opinie na temat Ognistej Burzy i jego narzeczonej, a pozycja Cichego Cienia s\u0142abnie.<\/p>\n<p>Yuno podejmuje desperack\u0105 pr\u00f3b\u0119 odzyskania swojej magii. Ogarni\u0119ta koszmarami pogr\u0105\u017ca si\u0119 w rozpaczy. Tym samym najgorsze l\u0119ki Altamira staj\u0105 si\u0119 rzeczywisto\u015bci\u0105.<\/p>\n<p>Jak wiele gorzkich prawd skrywa si\u0119 pod warstwami iluzji?<\/p>\n<p><a href=\"https:\/\/alinaduchnowska.pl\/o-ksiazce-bestia\/\" target=\"_blank\" rel=\"noopener\"><strong>Bestia, Klan Smoka tom 3:<\/strong><\/a><\/p>\n<p>Nadchodzi czas, aby plemiona wyruszy\u0142y w podr\u00f3\u017c ku Kr\u0119gowi Bogini. W delegacji Klanu Tygrysa pr\u00f3\u017cno szuka\u0107 jedno\u015bci tak koniecznej w przededniu wojny. Nikt te\u017c nie wie, \u017ce serce Lodowej Skry wype\u0142niaj\u0105 nieznaj\u0105ce umiaru gorycz i nienawi\u015b\u0107. Do czego posunie si\u0119 szamanka, kiedy da pos\u0142uch ich podszeptom?<\/p>\n<p>Yuno i Altamir, zostawieni na pastw\u0119 losu i bezlitosnego stepu, b\u0119d\u0105 zmuszeni stawi\u0107 czo\u0142o narastaj\u0105cym obawom \u015bwiadomi, \u017ce wrogowie \u015bledz\u0105 ka\u017cdy ich ruch. Czy uda im si\u0119 umkn\u0105\u0107 prze\u015bladowcom? A mo\u017ce kl\u0119ska jest nieuchronna?<\/p>\n<p>W trakcie upalnego lata wystarczy jedna iskra, aby po\u017coga poch\u0142on\u0119\u0142a Kervaloren. Wkr\u00f3tce opadn\u0105 wszystkie maski, a zdrada zbierze krwawe \u017cniwo.<\/p>\n<p><strong><a href=\"https:\/\/sklep.alinaduchnowska.pl\/sklepad\/index.php\/produkt\/krew-otore-klan-smoka-tom-4\/\">Krew Otore, Klan Smoka tom 4:<\/a><\/strong><\/p>\n<p>Yuno z\u0142o\u017cy\u0142a kiedy\u015b obietnic\u0119: nigdy nie wr\u00f3ci do \u015awi\u0105tyni \u2013 cokolwiek musia\u0142aby po\u015bwi\u0119ci\u0107 i do jakichkolwiek czyn\u00f3w mia\u0142aby si\u0119 posun\u0105\u0107. Ale czy dotrzyma s\u0142owa, kiedy ca\u0142e pokolenia duch\u00f3w przodk\u00f3w zdecyduj\u0105 si\u0119 obarczy\u0107 j\u0105 misj\u0105 ocalenia w\u0142asnych oprawc\u00f3w?<\/p>\n<p>G\u0142\u0119boko w antycznych fundamentach \u015awi\u0105tyni od wiek\u00f3w drzemie Macierz \u2013 Boska Iskra, stworzycielka smok\u00f3w. Skradziona tysi\u0105ce lat temu i ukryta w g\u0142\u0119bi ludzkich krain cierpliwie czeka, a\u017c nadejdzie czas jej powrotu na \u015bwiat. Moment ten zbli\u017ca si\u0119 nieub\u0142aganie.<\/p>\n<p>Rozpoczyna si\u0119 walka o panowanie nad \u015awi\u0105tyni\u0105 i Macierz\u0105.<\/p>\n<p>&nbsp;<\/p>\n","protected":false},"excerpt":{"rendered":"<p>Komplet zawiera ksi\u0105\u017cki:<\/p>\n<ul>\n<li><a href=\"https:\/\/sklep.alinaduchnowska.pl\/sklepad\/index.php\/produkt\/bariera-klan-smoka-tom-1\/\" target=\"_blank\" rel=\"noopener\">Bariera<\/a> (Klan Smoka tom 1)<\/li>\n<li><a href=\"https:\/\/sklep.alinaduchnowska.pl\/sklepad\/index.php\/produkt\/iluzje-klan-smoka-tom-2\/\" target=\"_blank\" rel=\"noopener\">Iluzje<\/a> (Klan Smoka tom 2)<\/li>\n<li><a href=\"https:\/\/sklep.alinaduchnowska.pl\/sklepad\/index.php\/produkt\/przedsprzedaz-bestia-klan-smoka-tom-3\/\">Bestia<\/a> (Klan Smoka tom 3)<\/li>\n<li><a href=\"https:\/\/sklep.alinaduchnowska.pl\/sklepad\/index.php\/produkt\/krew-otore-klan-smoka-tom-4\/\">Krew Otore<\/a> (Klan Smoka tom 4)<\/li>\n<\/ul>\n<p>Do ksi\u0105\u017cek s\u0105 do\u0142\u0105czone zak\u0142adki.<\/p>\n<p>Jako, \u017ce kupuj\u0105 Pa\u0144stwo ksi\u0105\u017ck\u0119 prosto od autorki, to istnieje mo\u017cliwo\u015b\u0107 wpisania autografu i personalizowanej dedykacji (w takim razie prosz\u0119 uwzgl\u0119dni\u0107 to w wiadomo\u015bci do zakupu)<\/p>\n","protected":false},"featured_media":597,"comment_status":"open","ping_status":"closed","template":"","meta":[],"product_brand":[],"product_cat":[25,44,27,19,46,24],"product_tag":[36,34,35],"class_list":{"0":"post-639","1":"product","2":"type-product","3":"status-publish","4":"has-post-thumbnail","6":"product_cat-bariera","7":"product_cat-bestia","8":"product_cat-iluzje","9":"product_cat-klan-smoka","10":"product_cat-krew-otore","11":"product_cat-ksiazki","12":"product_tag-fantasy","13":"product_tag-klan-smoka","14":"product_tag-ksiazka","15":"product_shipping_class-paczkomat-inpost","17":"first","18":"instock","19":"shipping-taxable","20":"purchasable","21":"product-type-simple"},"yoast_head":"<!-- This site is optimized with the Yoast SEO plugin v27.1.1 - https:\/\/yoast.com\/product\/yoast-seo-wordpress\/ -->\n<title>Komplet Klan Smoka: tom 1 + tom 2 + tom 3 + tom 4 - Sklep Alina Duchnowska<\/title>\n<meta name=\"description\" content=\"Klan Smoka. Porywaj\u0105ca saga fantasy. Historia mi\u0142o\u015bci, kt\u00f3ra nie mia\u0142aby prawa si\u0119 narodzi\u0107, gdyby zakl\u0119cia dzia\u0142a\u0142y tak, jak powinny.\" \/>\n<meta name=\"robots\" content=\"index, follow, max-snippet:-1, max-image-preview:large, max-video-preview:-1\" \/>\n<link rel=\"canonical\" href=\"https:\/\/sklep.alinaduchnowska.pl\/sklepad\/index.php\/produkt\/komplet-klan-smoka-tom-1-tom-2-tom-3-tom-4-2\/\" \/>\n<meta property=\"og:locale\" content=\"en_US\" \/>\n<meta property=\"og:type\" content=\"article\" \/>\n<meta property=\"og:title\" content=\"Komplet Klan Smoka: tom 1 + tom 2 + tom 3 + tom 4 - Sklep Alina Duchnowska\" \/>\n<meta property=\"og:description\" content=\"Klan Smoka. Porywaj\u0105ca saga fantasy. Historia mi\u0142o\u015bci, kt\u00f3ra nie mia\u0142aby prawa si\u0119 narodzi\u0107, gdyby zakl\u0119cia dzia\u0142a\u0142y tak, jak powinny.\" \/>\n<meta property=\"og:url\" content=\"https:\/\/sklep.alinaduchnowska.pl\/sklepad\/index.php\/produkt\/komplet-klan-smoka-tom-1-tom-2-tom-3-tom-4-2\/\" \/>\n<meta property=\"og:site_name\" content=\"Sklep Alina Duchnowska\" \/>\n<meta property=\"article:publisher\" content=\"https:\/\/www.facebook.com\/alinaduchnowskaautorka\" \/>\n<meta property=\"article:modified_time\" content=\"2025-11-15T12:17:34+00:00\" \/>\n<meta property=\"og:image\" content=\"https:\/\/sklep.alinaduchnowska.pl\/sklepad\/wp-content\/uploads\/2023\/07\/ks-i-ks2.png\" \/>\n\t<meta property=\"og:image:width\" content=\"598\" \/>\n\t<meta property=\"og:image:height\" content=\"508\" \/>\n\t<meta property=\"og:image:type\" content=\"image\/png\" \/>\n<meta name=\"twitter:card\" content=\"summary_large_image\" \/>\n<meta name=\"twitter:label1\" content=\"Est. reading time\" \/>\n\t<meta name=\"twitter:data1\" content=\"2 minutes\" \/>\n<script type=\"application\/ld+json\" class=\"yoast-schema-graph\">{\"@context\":\"https:\/\/schema.org\",\"@graph\":[{\"@type\":\"WebPage\",\"@id\":\"https:\/\/sklep.alinaduchnowska.pl\/sklepad\/index.php\/produkt\/komplet-klan-smoka-tom-1-tom-2-tom-3-tom-4-2\/\",\"url\":\"https:\/\/sklep.alinaduchnowska.pl\/sklepad\/index.php\/produkt\/komplet-klan-smoka-tom-1-tom-2-tom-3-tom-4-2\/\",\"name\":\"Komplet Klan Smoka: tom 1 + tom 2 + tom 3 + tom 4 - Sklep Alina Duchnowska\",\"isPartOf\":{\"@id\":\"https:\/\/sklep.alinaduchnowska.pl\/sklepad\/#website\"},\"primaryImageOfPage\":{\"@id\":\"https:\/\/sklep.alinaduchnowska.pl\/sklepad\/index.php\/produkt\/komplet-klan-smoka-tom-1-tom-2-tom-3-tom-4-2\/#primaryimage\"},\"image\":{\"@id\":\"https:\/\/sklep.alinaduchnowska.pl\/sklepad\/index.php\/produkt\/komplet-klan-smoka-tom-1-tom-2-tom-3-tom-4-2\/#primaryimage\"},\"thumbnailUrl\":\"https:\/\/sklep.alinaduchnowska.pl\/sklepad\/wp-content\/uploads\/2025\/05\/1.png\",\"datePublished\":\"2025-06-18T00:00:28+00:00\",\"dateModified\":\"2025-11-15T12:17:34+00:00\",\"description\":\"Klan Smoka. Porywaj\u0105ca saga fantasy. Historia mi\u0142o\u015bci, kt\u00f3ra nie mia\u0142aby prawa si\u0119 narodzi\u0107, gdyby zakl\u0119cia dzia\u0142a\u0142y tak, jak powinny.\",\"breadcrumb\":{\"@id\":\"https:\/\/sklep.alinaduchnowska.pl\/sklepad\/index.php\/produkt\/komplet-klan-smoka-tom-1-tom-2-tom-3-tom-4-2\/#breadcrumb\"},\"inLanguage\":\"en-US\",\"potentialAction\":[{\"@type\":\"ReadAction\",\"target\":[\"https:\/\/sklep.alinaduchnowska.pl\/sklepad\/index.php\/produkt\/komplet-klan-smoka-tom-1-tom-2-tom-3-tom-4-2\/\"]}]},{\"@type\":\"ImageObject\",\"inLanguage\":\"en-US\",\"@id\":\"https:\/\/sklep.alinaduchnowska.pl\/sklepad\/index.php\/produkt\/komplet-klan-smoka-tom-1-tom-2-tom-3-tom-4-2\/#primaryimage\",\"url\":\"https:\/\/sklep.alinaduchnowska.pl\/sklepad\/wp-content\/uploads\/2025\/05\/1.png\",\"contentUrl\":\"https:\/\/sklep.alinaduchnowska.pl\/sklepad\/wp-content\/uploads\/2025\/05\/1.png\",\"width\":500,\"height\":500},{\"@type\":\"BreadcrumbList\",\"@id\":\"https:\/\/sklep.alinaduchnowska.pl\/sklepad\/index.php\/produkt\/komplet-klan-smoka-tom-1-tom-2-tom-3-tom-4-2\/#breadcrumb\",\"itemListElement\":[{\"@type\":\"ListItem\",\"position\":1,\"name\":\"Strona g\u0142\u00f3wna\",\"item\":\"https:\/\/sklep.alinaduchnowska.pl\/sklepad\/\"},{\"@type\":\"ListItem\",\"position\":2,\"name\":\"Sklep\",\"item\":\"https:\/\/sklep.alinaduchnowska.pl\/sklepad\/\"},{\"@type\":\"ListItem\",\"position\":3,\"name\":\"Komplet Klan Smoka: tom 1 + tom 2 + tom 3 + tom 4\"}]},{\"@type\":\"WebSite\",\"@id\":\"https:\/\/sklep.alinaduchnowska.pl\/sklepad\/#website\",\"url\":\"https:\/\/sklep.alinaduchnowska.pl\/sklepad\/\",\"name\":\"Sklep Alina Duchnowska\",\"description\":\"\",\"publisher\":{\"@id\":\"https:\/\/sklep.alinaduchnowska.pl\/sklepad\/#\/schema\/person\/5a03d5ff8b938bf848d10e19e2909440\"},\"potentialAction\":[{\"@type\":\"SearchAction\",\"target\":{\"@type\":\"EntryPoint\",\"urlTemplate\":\"https:\/\/sklep.alinaduchnowska.pl\/sklepad\/?s={search_term_string}\"},\"query-input\":{\"@type\":\"PropertyValueSpecification\",\"valueRequired\":true,\"valueName\":\"search_term_string\"}}],\"inLanguage\":\"en-US\"},{\"@type\":[\"Person\",\"Organization\"],\"@id\":\"https:\/\/sklep.alinaduchnowska.pl\/sklepad\/#\/schema\/person\/5a03d5ff8b938bf848d10e19e2909440\",\"name\":\"alinadasklep\",\"image\":{\"@type\":\"ImageObject\",\"inLanguage\":\"en-US\",\"@id\":\"https:\/\/sklep.alinaduchnowska.pl\/sklepad\/#\/schema\/person\/image\/\",\"url\":\"https:\/\/sklep.alinaduchnowska.pl\/sklepad\/wp-content\/uploads\/2023\/04\/logo-kolor-mini-jpg.jpg\",\"contentUrl\":\"https:\/\/sklep.alinaduchnowska.pl\/sklepad\/wp-content\/uploads\/2023\/04\/logo-kolor-mini-jpg.jpg\",\"width\":197,\"height\":197,\"caption\":\"alinadasklep\"},\"logo\":{\"@id\":\"https:\/\/sklep.alinaduchnowska.pl\/sklepad\/#\/schema\/person\/image\/\"},\"description\":\"Urodzona w 1988. Pisarka i samodzielna wydawczyni, autorka cyklu fantasy \u201eKlan Smoka\u201d. Lubi snu\u0107 opowie\u015bci o magii i mi\u0142o\u015bci. Wielbicielka mangi i anime oraz zapalona r\u0119kodzielniczka. Mi\u0142o\u015bci\u0105 jej \u017cycia s\u0105 koty, kt\u00f3re lgn\u0105 do niej ca\u0142ymi stadami. Dlatego gdziekolwiek idzie, towarzysz\u0105 jej chmury kociego futerka.\",\"sameAs\":[\"http:\/\/sklep.alinaduchnowska.pl\/sklepad\",\"https:\/\/www.facebook.com\/alinaduchnowskaautorka\",\"https:\/\/www.instagram.com\/alina_duchnowska_autorka\/\",\"https:\/\/www.youtube.com\/channel\/UCdmmU95sCOeZjpMXyH2zw3w\"]}]}<\/script>\n<!-- \/ Yoast SEO plugin. -->","yoast_head_json":{"title":"Komplet Klan Smoka: tom 1 + tom 2 + tom 3 + tom 4 - Sklep Alina Duchnowska","description":"Klan Smoka. Porywaj\u0105ca saga fantasy. Historia mi\u0142o\u015bci, kt\u00f3ra nie mia\u0142aby prawa si\u0119 narodzi\u0107, gdyby zakl\u0119cia dzia\u0142a\u0142y tak, jak powinny.","robots":{"index":"index","follow":"follow","max-snippet":"max-snippet:-1","max-image-preview":"max-image-preview:large","max-video-preview":"max-video-preview:-1"},"canonical":"https:\/\/sklep.alinaduchnowska.pl\/sklepad\/index.php\/produkt\/komplet-klan-smoka-tom-1-tom-2-tom-3-tom-4-2\/","og_locale":"en_US","og_type":"article","og_title":"Komplet Klan Smoka: tom 1 + tom 2 + tom 3 + tom 4 - Sklep Alina Duchnowska","og_description":"Klan Smoka. Porywaj\u0105ca saga fantasy. Historia mi\u0142o\u015bci, kt\u00f3ra nie mia\u0142aby prawa si\u0119 narodzi\u0107, gdyby zakl\u0119cia dzia\u0142a\u0142y tak, jak powinny.","og_url":"https:\/\/sklep.alinaduchnowska.pl\/sklepad\/index.php\/produkt\/komplet-klan-smoka-tom-1-tom-2-tom-3-tom-4-2\/","og_site_name":"Sklep Alina Duchnowska","article_publisher":"https:\/\/www.facebook.com\/alinaduchnowskaautorka","article_modified_time":"2025-11-15T12:17:34+00:00","og_image":[{"width":598,"height":508,"url":"https:\/\/sklep.alinaduchnowska.pl\/sklepad\/wp-content\/uploads\/2023\/07\/ks-i-ks2.png","type":"image\/png"}],"twitter_card":"summary_large_image","twitter_misc":{"Est. reading time":"2 minutes"},"schema":{"@context":"https:\/\/schema.org","@graph":[{"@type":"WebPage","@id":"https:\/\/sklep.alinaduchnowska.pl\/sklepad\/index.php\/produkt\/komplet-klan-smoka-tom-1-tom-2-tom-3-tom-4-2\/","url":"https:\/\/sklep.alinaduchnowska.pl\/sklepad\/index.php\/produkt\/komplet-klan-smoka-tom-1-tom-2-tom-3-tom-4-2\/","name":"Komplet Klan Smoka: tom 1 + tom 2 + tom 3 + tom 4 - Sklep Alina Duchnowska","isPartOf":{"@id":"https:\/\/sklep.alinaduchnowska.pl\/sklepad\/#website"},"primaryImageOfPage":{"@id":"https:\/\/sklep.alinaduchnowska.pl\/sklepad\/index.php\/produkt\/komplet-klan-smoka-tom-1-tom-2-tom-3-tom-4-2\/#primaryimage"},"image":{"@id":"https:\/\/sklep.alinaduchnowska.pl\/sklepad\/index.php\/produkt\/komplet-klan-smoka-tom-1-tom-2-tom-3-tom-4-2\/#primaryimage"},"thumbnailUrl":"https:\/\/sklep.alinaduchnowska.pl\/sklepad\/wp-content\/uploads\/2025\/05\/1.png","datePublished":"2025-06-18T00:00:28+00:00","dateModified":"2025-11-15T12:17:34+00:00","description":"Klan Smoka. Porywaj\u0105ca saga fantasy. Historia mi\u0142o\u015bci, kt\u00f3ra nie mia\u0142aby prawa si\u0119 narodzi\u0107, gdyby zakl\u0119cia dzia\u0142a\u0142y tak, jak powinny.","breadcrumb":{"@id":"https:\/\/sklep.alinaduchnowska.pl\/sklepad\/index.php\/produkt\/komplet-klan-smoka-tom-1-tom-2-tom-3-tom-4-2\/#breadcrumb"},"inLanguage":"en-US","potentialAction":[{"@type":"ReadAction","target":["https:\/\/sklep.alinaduchnowska.pl\/sklepad\/index.php\/produkt\/komplet-klan-smoka-tom-1-tom-2-tom-3-tom-4-2\/"]}]},{"@type":"ImageObject","inLanguage":"en-US","@id":"https:\/\/sklep.alinaduchnowska.pl\/sklepad\/index.php\/produkt\/komplet-klan-smoka-tom-1-tom-2-tom-3-tom-4-2\/#primaryimage","url":"https:\/\/sklep.alinaduchnowska.pl\/sklepad\/wp-content\/uploads\/2025\/05\/1.png","contentUrl":"https:\/\/sklep.alinaduchnowska.pl\/sklepad\/wp-content\/uploads\/2025\/05\/1.png","width":500,"height":500},{"@type":"BreadcrumbList","@id":"https:\/\/sklep.alinaduchnowska.pl\/sklepad\/index.php\/produkt\/komplet-klan-smoka-tom-1-tom-2-tom-3-tom-4-2\/#breadcrumb","itemListElement":[{"@type":"ListItem","position":1,"name":"Strona g\u0142\u00f3wna","item":"https:\/\/sklep.alinaduchnowska.pl\/sklepad\/"},{"@type":"ListItem","position":2,"name":"Sklep","item":"https:\/\/sklep.alinaduchnowska.pl\/sklepad\/"},{"@type":"ListItem","position":3,"name":"Komplet Klan Smoka: tom 1 + tom 2 + tom 3 + tom 4"}]},{"@type":"WebSite","@id":"https:\/\/sklep.alinaduchnowska.pl\/sklepad\/#website","url":"https:\/\/sklep.alinaduchnowska.pl\/sklepad\/","name":"Sklep Alina Duchnowska","description":"","publisher":{"@id":"https:\/\/sklep.alinaduchnowska.pl\/sklepad\/#\/schema\/person\/5a03d5ff8b938bf848d10e19e2909440"},"potentialAction":[{"@type":"SearchAction","target":{"@type":"EntryPoint","urlTemplate":"https:\/\/sklep.alinaduchnowska.pl\/sklepad\/?s={search_term_string}"},"query-input":{"@type":"PropertyValueSpecification","valueRequired":true,"valueName":"search_term_string"}}],"inLanguage":"en-US"},{"@type":["Person","Organization"],"@id":"https:\/\/sklep.alinaduchnowska.pl\/sklepad\/#\/schema\/person\/5a03d5ff8b938bf848d10e19e2909440","name":"alinadasklep","image":{"@type":"ImageObject","inLanguage":"en-US","@id":"https:\/\/sklep.alinaduchnowska.pl\/sklepad\/#\/schema\/person\/image\/","url":"https:\/\/sklep.alinaduchnowska.pl\/sklepad\/wp-content\/uploads\/2023\/04\/logo-kolor-mini-jpg.jpg","contentUrl":"https:\/\/sklep.alinaduchnowska.pl\/sklepad\/wp-content\/uploads\/2023\/04\/logo-kolor-mini-jpg.jpg","width":197,"height":197,"caption":"alinadasklep"},"logo":{"@id":"https:\/\/sklep.alinaduchnowska.pl\/sklepad\/#\/schema\/person\/image\/"},"description":"Urodzona w 1988. Pisarka i samodzielna wydawczyni, autorka cyklu fantasy \u201eKlan Smoka\u201d. Lubi snu\u0107 opowie\u015bci o magii i mi\u0142o\u015bci. Wielbicielka mangi i anime oraz zapalona r\u0119kodzielniczka. Mi\u0142o\u015bci\u0105 jej \u017cycia s\u0105 koty, kt\u00f3re lgn\u0105 do niej ca\u0142ymi stadami. Dlatego gdziekolwiek idzie, towarzysz\u0105 jej chmury kociego futerka.","sameAs":["http:\/\/sklep.alinaduchnowska.pl\/sklepad","https:\/\/www.facebook.com\/alinaduchnowskaautorka","https:\/\/www.instagram.com\/alina_duchnowska_autorka\/","https:\/\/www.youtube.com\/channel\/UCdmmU95sCOeZjpMXyH2zw3w"]}]}},"jetpack_sharing_enabled":true,"_links":{"self":[{"href":"https:\/\/sklep.alinaduchnowska.pl\/sklepad\/index.php\/wp-json\/wp\/v2\/product\/639","targetHints":{"allow":["GET"]}}],"collection":[{"href":"https:\/\/sklep.alinaduchnowska.pl\/sklepad\/index.php\/wp-json\/wp\/v2\/product"}],"about":[{"href":"https:\/\/sklep.alinaduchnowska.pl\/sklepad\/index.php\/wp-json\/wp\/v2\/types\/product"}],"replies":[{"embeddable":true,"href":"https:\/\/sklep.alinaduchnowska.pl\/sklepad\/index.php\/wp-json\/wp\/v2\/comments?post=639"}],"wp:featuredmedia":[{"embeddable":true,"href":"https:\/\/sklep.alinaduchnowska.pl\/sklepad\/index.php\/wp-json\/wp\/v2\/media\/597"}],"wp:attachment":[{"href":"https:\/\/sklep.alinaduchnowska.pl\/sklepad\/index.php\/wp-json\/wp\/v2\/media?parent=639"}],"wp:term":[{"taxonomy":"product_brand","embeddable":true,"href":"https:\/\/sklep.alinaduchnowska.pl\/sklepad\/index.php\/wp-json\/wp\/v2\/product_brand?post=639"},{"taxonomy":"product_cat","embeddable":true,"href":"https:\/\/sklep.alinaduchnowska.pl\/sklepad\/index.php\/wp-json\/wp\/v2\/product_cat?post=639"},{"taxonomy":"product_tag","embeddable":true,"href":"https:\/\/sklep.alinaduchnowska.pl\/sklepad\/index.php\/wp-json\/wp\/v2\/product_tag?post=639"}],"curies":[{"name":"wp","href":"https:\/\/api.w.org\/{rel}","templated":true}]}}