{"id":205,"date":"2023-05-12T22:37:53","date_gmt":"2023-05-12T22:37:53","guid":{"rendered":"https:\/\/sklep.alinaduchnowska.pl\/sklepad\/?post_type=product&#038;p=205"},"modified":"2025-03-01T12:12:17","modified_gmt":"2025-03-01T12:12:17","slug":"przedsprzedaz-wilcze-szepty-magnes","status":"publish","type":"product","link":"https:\/\/sklep.alinaduchnowska.pl\/sklepad\/index.php\/produkt\/przedsprzedaz-wilcze-szepty-magnes\/","title":{"rendered":"Wilcze szepty magnes"},"content":{"rendered":"<p>&nbsp;<\/p>\n<p>Magnes z grafik\u0105 ok\u0142adk\u0105 ksi\u0105\u017cki &#8220;Wilcze szepty&#8221;<\/p>\n<p>Rozmiar 6x9cm<\/p>\n<p>&nbsp;<\/p>\n<p>Poznaj <a href=\"https:\/\/alinaduchnowska.pl\/o-ksiazce-wilczeszepty\/\" target=\"_blank\" rel=\"noopener\">&#8220;Wilcze szepty&#8221;<\/a><\/p>\n","protected":false},"excerpt":{"rendered":"<p>&nbsp;<\/p>\n<p>Magnes z grafik\u0105 ok\u0142adk\u0105 ksi\u0105\u017cki &#8220;Wilcze szepty&#8221;<\/p>\n<p>Rozmiar 6x9cm<\/p>\n<p>&nbsp;<\/p>\n<p>Poznaj <a href=\"https:\/\/alinaduchnowska.pl\/o-ksiazce-wilczeszepty\/\" target=\"_blank\" rel=\"noopener\">&#8220;Wilcze szepty&#8221;<\/a><\/p>\n","protected":false},"featured_media":561,"comment_status":"open","ping_status":"closed","template":"","meta":[],"product_brand":[],"product_cat":[26,33,28],"product_tag":[],"class_list":{"0":"post-205","1":"product","2":"type-product","3":"status-publish","4":"has-post-thumbnail","6":"product_cat-gadzety","7":"product_cat-magnesy","8":"product_cat-wilcze-szepty","10":"first","11":"instock","12":"shipping-taxable","13":"purchasable","14":"product-type-simple"},"yoast_head":"<!-- This site is optimized with the Yoast SEO plugin v27.1.1 - https:\/\/yoast.com\/product\/yoast-seo-wordpress\/ -->\n<title>Wilcze szepty magnes - Sklep Alina Duchnowska<\/title>\n<meta name=\"description\" content=\"Wilcze szepty - zam\u00f3w ksi\u0105\u017ck\u0119 razem z dodatkami. Poznaj Wilcze szepty i staw czo\u0142a mrocznej tajdze i zamieszkuj\u0105cym j\u0105 bestiom!\" \/>\n<meta name=\"robots\" content=\"index, follow, max-snippet:-1, max-image-preview:large, max-video-preview:-1\" \/>\n<link rel=\"canonical\" href=\"https:\/\/sklep.alinaduchnowska.pl\/sklepad\/index.php\/produkt\/przedsprzedaz-wilcze-szepty-magnes\/\" \/>\n<meta property=\"og:locale\" content=\"en_US\" \/>\n<meta property=\"og:type\" content=\"article\" \/>\n<meta property=\"og:title\" content=\"Wilcze szepty magnes - Sklep Alina Duchnowska\" \/>\n<meta property=\"og:description\" content=\"Wilcze szepty - zam\u00f3w ksi\u0105\u017ck\u0119 razem z dodatkami. Poznaj Wilcze szepty i staw czo\u0142a mrocznej tajdze i zamieszkuj\u0105cym j\u0105 bestiom!\" \/>\n<meta property=\"og:url\" content=\"https:\/\/sklep.alinaduchnowska.pl\/sklepad\/index.php\/produkt\/przedsprzedaz-wilcze-szepty-magnes\/\" \/>\n<meta property=\"og:site_name\" content=\"Sklep Alina Duchnowska\" \/>\n<meta property=\"article:publisher\" content=\"https:\/\/www.facebook.com\/alinaduchnowskaautorka\" \/>\n<meta property=\"article:modified_time\" content=\"2025-03-01T12:12:17+00:00\" \/>\n<meta property=\"og:image\" content=\"https:\/\/sklep.alinaduchnowska.pl\/sklepad\/wp-content\/uploads\/2023\/05\/11.jpg\" \/>\n\t<meta property=\"og:image:width\" content=\"500\" \/>\n\t<meta property=\"og:image:height\" content=\"500\" \/>\n\t<meta property=\"og:image:type\" content=\"image\/jpeg\" \/>\n<meta name=\"twitter:card\" content=\"summary_large_image\" \/>\n<meta name=\"twitter:label1\" content=\"Est. reading time\" \/>\n\t<meta name=\"twitter:data1\" content=\"1 minute\" \/>\n<script type=\"application\/ld+json\" class=\"yoast-schema-graph\">{\"@context\":\"https:\/\/schema.org\",\"@graph\":[{\"@type\":\"WebPage\",\"@id\":\"https:\/\/sklep.alinaduchnowska.pl\/sklepad\/index.php\/produkt\/przedsprzedaz-wilcze-szepty-magnes\/\",\"url\":\"https:\/\/sklep.alinaduchnowska.pl\/sklepad\/index.php\/produkt\/przedsprzedaz-wilcze-szepty-magnes\/\",\"name\":\"Wilcze szepty magnes - Sklep Alina Duchnowska\",\"isPartOf\":{\"@id\":\"https:\/\/sklep.alinaduchnowska.pl\/sklepad\/#website\"},\"primaryImageOfPage\":{\"@id\":\"https:\/\/sklep.alinaduchnowska.pl\/sklepad\/index.php\/produkt\/przedsprzedaz-wilcze-szepty-magnes\/#primaryimage\"},\"image\":{\"@id\":\"https:\/\/sklep.alinaduchnowska.pl\/sklepad\/index.php\/produkt\/przedsprzedaz-wilcze-szepty-magnes\/#primaryimage\"},\"thumbnailUrl\":\"https:\/\/sklep.alinaduchnowska.pl\/sklepad\/wp-content\/uploads\/2023\/05\/11.jpg\",\"datePublished\":\"2023-05-12T22:37:53+00:00\",\"dateModified\":\"2025-03-01T12:12:17+00:00\",\"description\":\"Wilcze szepty - zam\u00f3w ksi\u0105\u017ck\u0119 razem z dodatkami. Poznaj Wilcze szepty i staw czo\u0142a mrocznej tajdze i zamieszkuj\u0105cym j\u0105 bestiom!\",\"breadcrumb\":{\"@id\":\"https:\/\/sklep.alinaduchnowska.pl\/sklepad\/index.php\/produkt\/przedsprzedaz-wilcze-szepty-magnes\/#breadcrumb\"},\"inLanguage\":\"en-US\",\"potentialAction\":[{\"@type\":\"ReadAction\",\"target\":[\"https:\/\/sklep.alinaduchnowska.pl\/sklepad\/index.php\/produkt\/przedsprzedaz-wilcze-szepty-magnes\/\"]}]},{\"@type\":\"ImageObject\",\"inLanguage\":\"en-US\",\"@id\":\"https:\/\/sklep.alinaduchnowska.pl\/sklepad\/index.php\/produkt\/przedsprzedaz-wilcze-szepty-magnes\/#primaryimage\",\"url\":\"https:\/\/sklep.alinaduchnowska.pl\/sklepad\/wp-content\/uploads\/2023\/05\/11.jpg\",\"contentUrl\":\"https:\/\/sklep.alinaduchnowska.pl\/sklepad\/wp-content\/uploads\/2023\/05\/11.jpg\",\"width\":500,\"height\":500},{\"@type\":\"BreadcrumbList\",\"@id\":\"https:\/\/sklep.alinaduchnowska.pl\/sklepad\/index.php\/produkt\/przedsprzedaz-wilcze-szepty-magnes\/#breadcrumb\",\"itemListElement\":[{\"@type\":\"ListItem\",\"position\":1,\"name\":\"Strona g\u0142\u00f3wna\",\"item\":\"https:\/\/sklep.alinaduchnowska.pl\/sklepad\/\"},{\"@type\":\"ListItem\",\"position\":2,\"name\":\"Sklep\",\"item\":\"https:\/\/sklep.alinaduchnowska.pl\/sklepad\/\"},{\"@type\":\"ListItem\",\"position\":3,\"name\":\"Wilcze szepty magnes\"}]},{\"@type\":\"WebSite\",\"@id\":\"https:\/\/sklep.alinaduchnowska.pl\/sklepad\/#website\",\"url\":\"https:\/\/sklep.alinaduchnowska.pl\/sklepad\/\",\"name\":\"Sklep Alina Duchnowska\",\"description\":\"\",\"publisher\":{\"@id\":\"https:\/\/sklep.alinaduchnowska.pl\/sklepad\/#\/schema\/person\/5a03d5ff8b938bf848d10e19e2909440\"},\"potentialAction\":[{\"@type\":\"SearchAction\",\"target\":{\"@type\":\"EntryPoint\",\"urlTemplate\":\"https:\/\/sklep.alinaduchnowska.pl\/sklepad\/?s={search_term_string}\"},\"query-input\":{\"@type\":\"PropertyValueSpecification\",\"valueRequired\":true,\"valueName\":\"search_term_string\"}}],\"inLanguage\":\"en-US\"},{\"@type\":[\"Person\",\"Organization\"],\"@id\":\"https:\/\/sklep.alinaduchnowska.pl\/sklepad\/#\/schema\/person\/5a03d5ff8b938bf848d10e19e2909440\",\"name\":\"alinadasklep\",\"image\":{\"@type\":\"ImageObject\",\"inLanguage\":\"en-US\",\"@id\":\"https:\/\/sklep.alinaduchnowska.pl\/sklepad\/#\/schema\/person\/image\/\",\"url\":\"https:\/\/sklep.alinaduchnowska.pl\/sklepad\/wp-content\/uploads\/2023\/04\/logo-kolor-mini-jpg.jpg\",\"contentUrl\":\"https:\/\/sklep.alinaduchnowska.pl\/sklepad\/wp-content\/uploads\/2023\/04\/logo-kolor-mini-jpg.jpg\",\"width\":197,\"height\":197,\"caption\":\"alinadasklep\"},\"logo\":{\"@id\":\"https:\/\/sklep.alinaduchnowska.pl\/sklepad\/#\/schema\/person\/image\/\"},\"description\":\"Urodzona w 1988. Pisarka i samodzielna wydawczyni, autorka cyklu fantasy \u201eKlan Smoka\u201d. Lubi snu\u0107 opowie\u015bci o magii i mi\u0142o\u015bci. Wielbicielka mangi i anime oraz zapalona r\u0119kodzielniczka. Mi\u0142o\u015bci\u0105 jej \u017cycia s\u0105 koty, kt\u00f3re lgn\u0105 do niej ca\u0142ymi stadami. Dlatego gdziekolwiek idzie, towarzysz\u0105 jej chmury kociego futerka.\",\"sameAs\":[\"http:\/\/sklep.alinaduchnowska.pl\/sklepad\",\"https:\/\/www.facebook.com\/alinaduchnowskaautorka\",\"https:\/\/www.instagram.com\/alina_duchnowska_autorka\/\",\"https:\/\/www.youtube.com\/channel\/UCdmmU95sCOeZjpMXyH2zw3w\"]}]}<\/script>\n<!-- \/ Yoast SEO plugin. -->","yoast_head_json":{"title":"Wilcze szepty magnes - Sklep Alina Duchnowska","description":"Wilcze szepty - zam\u00f3w ksi\u0105\u017ck\u0119 razem z dodatkami. Poznaj Wilcze szepty i staw czo\u0142a mrocznej tajdze i zamieszkuj\u0105cym j\u0105 bestiom!","robots":{"index":"index","follow":"follow","max-snippet":"max-snippet:-1","max-image-preview":"max-image-preview:large","max-video-preview":"max-video-preview:-1"},"canonical":"https:\/\/sklep.alinaduchnowska.pl\/sklepad\/index.php\/produkt\/przedsprzedaz-wilcze-szepty-magnes\/","og_locale":"en_US","og_type":"article","og_title":"Wilcze szepty magnes - Sklep Alina Duchnowska","og_description":"Wilcze szepty - zam\u00f3w ksi\u0105\u017ck\u0119 razem z dodatkami. Poznaj Wilcze szepty i staw czo\u0142a mrocznej tajdze i zamieszkuj\u0105cym j\u0105 bestiom!","og_url":"https:\/\/sklep.alinaduchnowska.pl\/sklepad\/index.php\/produkt\/przedsprzedaz-wilcze-szepty-magnes\/","og_site_name":"Sklep Alina Duchnowska","article_publisher":"https:\/\/www.facebook.com\/alinaduchnowskaautorka","article_modified_time":"2025-03-01T12:12:17+00:00","og_image":[{"width":500,"height":500,"url":"https:\/\/sklep.alinaduchnowska.pl\/sklepad\/wp-content\/uploads\/2023\/05\/11.jpg","type":"image\/jpeg"}],"twitter_card":"summary_large_image","twitter_misc":{"Est. reading time":"1 minute"},"schema":{"@context":"https:\/\/schema.org","@graph":[{"@type":"WebPage","@id":"https:\/\/sklep.alinaduchnowska.pl\/sklepad\/index.php\/produkt\/przedsprzedaz-wilcze-szepty-magnes\/","url":"https:\/\/sklep.alinaduchnowska.pl\/sklepad\/index.php\/produkt\/przedsprzedaz-wilcze-szepty-magnes\/","name":"Wilcze szepty magnes - Sklep Alina Duchnowska","isPartOf":{"@id":"https:\/\/sklep.alinaduchnowska.pl\/sklepad\/#website"},"primaryImageOfPage":{"@id":"https:\/\/sklep.alinaduchnowska.pl\/sklepad\/index.php\/produkt\/przedsprzedaz-wilcze-szepty-magnes\/#primaryimage"},"image":{"@id":"https:\/\/sklep.alinaduchnowska.pl\/sklepad\/index.php\/produkt\/przedsprzedaz-wilcze-szepty-magnes\/#primaryimage"},"thumbnailUrl":"https:\/\/sklep.alinaduchnowska.pl\/sklepad\/wp-content\/uploads\/2023\/05\/11.jpg","datePublished":"2023-05-12T22:37:53+00:00","dateModified":"2025-03-01T12:12:17+00:00","description":"Wilcze szepty - zam\u00f3w ksi\u0105\u017ck\u0119 razem z dodatkami. Poznaj Wilcze szepty i staw czo\u0142a mrocznej tajdze i zamieszkuj\u0105cym j\u0105 bestiom!","breadcrumb":{"@id":"https:\/\/sklep.alinaduchnowska.pl\/sklepad\/index.php\/produkt\/przedsprzedaz-wilcze-szepty-magnes\/#breadcrumb"},"inLanguage":"en-US","potentialAction":[{"@type":"ReadAction","target":["https:\/\/sklep.alinaduchnowska.pl\/sklepad\/index.php\/produkt\/przedsprzedaz-wilcze-szepty-magnes\/"]}]},{"@type":"ImageObject","inLanguage":"en-US","@id":"https:\/\/sklep.alinaduchnowska.pl\/sklepad\/index.php\/produkt\/przedsprzedaz-wilcze-szepty-magnes\/#primaryimage","url":"https:\/\/sklep.alinaduchnowska.pl\/sklepad\/wp-content\/uploads\/2023\/05\/11.jpg","contentUrl":"https:\/\/sklep.alinaduchnowska.pl\/sklepad\/wp-content\/uploads\/2023\/05\/11.jpg","width":500,"height":500},{"@type":"BreadcrumbList","@id":"https:\/\/sklep.alinaduchnowska.pl\/sklepad\/index.php\/produkt\/przedsprzedaz-wilcze-szepty-magnes\/#breadcrumb","itemListElement":[{"@type":"ListItem","position":1,"name":"Strona g\u0142\u00f3wna","item":"https:\/\/sklep.alinaduchnowska.pl\/sklepad\/"},{"@type":"ListItem","position":2,"name":"Sklep","item":"https:\/\/sklep.alinaduchnowska.pl\/sklepad\/"},{"@type":"ListItem","position":3,"name":"Wilcze szepty magnes"}]},{"@type":"WebSite","@id":"https:\/\/sklep.alinaduchnowska.pl\/sklepad\/#website","url":"https:\/\/sklep.alinaduchnowska.pl\/sklepad\/","name":"Sklep Alina Duchnowska","description":"","publisher":{"@id":"https:\/\/sklep.alinaduchnowska.pl\/sklepad\/#\/schema\/person\/5a03d5ff8b938bf848d10e19e2909440"},"potentialAction":[{"@type":"SearchAction","target":{"@type":"EntryPoint","urlTemplate":"https:\/\/sklep.alinaduchnowska.pl\/sklepad\/?s={search_term_string}"},"query-input":{"@type":"PropertyValueSpecification","valueRequired":true,"valueName":"search_term_string"}}],"inLanguage":"en-US"},{"@type":["Person","Organization"],"@id":"https:\/\/sklep.alinaduchnowska.pl\/sklepad\/#\/schema\/person\/5a03d5ff8b938bf848d10e19e2909440","name":"alinadasklep","image":{"@type":"ImageObject","inLanguage":"en-US","@id":"https:\/\/sklep.alinaduchnowska.pl\/sklepad\/#\/schema\/person\/image\/","url":"https:\/\/sklep.alinaduchnowska.pl\/sklepad\/wp-content\/uploads\/2023\/04\/logo-kolor-mini-jpg.jpg","contentUrl":"https:\/\/sklep.alinaduchnowska.pl\/sklepad\/wp-content\/uploads\/2023\/04\/logo-kolor-mini-jpg.jpg","width":197,"height":197,"caption":"alinadasklep"},"logo":{"@id":"https:\/\/sklep.alinaduchnowska.pl\/sklepad\/#\/schema\/person\/image\/"},"description":"Urodzona w 1988. Pisarka i samodzielna wydawczyni, autorka cyklu fantasy \u201eKlan Smoka\u201d. Lubi snu\u0107 opowie\u015bci o magii i mi\u0142o\u015bci. Wielbicielka mangi i anime oraz zapalona r\u0119kodzielniczka. Mi\u0142o\u015bci\u0105 jej \u017cycia s\u0105 koty, kt\u00f3re lgn\u0105 do niej ca\u0142ymi stadami. Dlatego gdziekolwiek idzie, towarzysz\u0105 jej chmury kociego futerka.","sameAs":["http:\/\/sklep.alinaduchnowska.pl\/sklepad","https:\/\/www.facebook.com\/alinaduchnowskaautorka","https:\/\/www.instagram.com\/alina_duchnowska_autorka\/","https:\/\/www.youtube.com\/channel\/UCdmmU95sCOeZjpMXyH2zw3w"]}]}},"jetpack_sharing_enabled":true,"_links":{"self":[{"href":"https:\/\/sklep.alinaduchnowska.pl\/sklepad\/index.php\/wp-json\/wp\/v2\/product\/205","targetHints":{"allow":["GET"]}}],"collection":[{"href":"https:\/\/sklep.alinaduchnowska.pl\/sklepad\/index.php\/wp-json\/wp\/v2\/product"}],"about":[{"href":"https:\/\/sklep.alinaduchnowska.pl\/sklepad\/index.php\/wp-json\/wp\/v2\/types\/product"}],"replies":[{"embeddable":true,"href":"https:\/\/sklep.alinaduchnowska.pl\/sklepad\/index.php\/wp-json\/wp\/v2\/comments?post=205"}],"wp:featuredmedia":[{"embeddable":true,"href":"https:\/\/sklep.alinaduchnowska.pl\/sklepad\/index.php\/wp-json\/wp\/v2\/media\/561"}],"wp:attachment":[{"href":"https:\/\/sklep.alinaduchnowska.pl\/sklepad\/index.php\/wp-json\/wp\/v2\/media?parent=205"}],"wp:term":[{"taxonomy":"product_brand","embeddable":true,"href":"https:\/\/sklep.alinaduchnowska.pl\/sklepad\/index.php\/wp-json\/wp\/v2\/product_brand?post=205"},{"taxonomy":"product_cat","embeddable":true,"href":"https:\/\/sklep.alinaduchnowska.pl\/sklepad\/index.php\/wp-json\/wp\/v2\/product_cat?post=205"},{"taxonomy":"product_tag","embeddable":true,"href":"https:\/\/sklep.alinaduchnowska.pl\/sklepad\/index.php\/wp-json\/wp\/v2\/product_tag?post=205"}],"curies":[{"name":"wp","href":"https:\/\/api.w.org\/{rel}","templated":true}]}}