{"id":10,"date":"2023-04-28T10:31:26","date_gmt":"2023-04-28T10:31:26","guid":{"rendered":"http:\/\/sklep.alinaduchnowska.pl\/sklepad\/?page_id=10"},"modified":"2023-04-28T10:31:26","modified_gmt":"2023-04-28T10:31:26","slug":"zwroty","status":"publish","type":"page","link":"https:\/\/sklep.alinaduchnowska.pl\/sklepad\/index.php\/zwroty\/","title":{"rendered":"Polityka zwrot\u00f3w"},"content":{"rendered":"\n<p><\/p>\n\n\n\n<p><a href=\"https:\/\/sklep.alinaduchnowska.pl\/sklepad\/wp-content\/uploads\/2023\/04\/Formularz-odstapienia-od-umowy-zawartej-na-odleglosc.pdf\" data-type=\"URL\" data-id=\"https:\/\/sklep.alinaduchnowska.pl\/sklepad\/wp-content\/uploads\/2023\/04\/Formularz-odstapienia-od-umowy-zawartej-na-odleglosc.pdf\">Formularz odst\u0105pienia od umowy zawartej na odleg\u0142o\u015b\u0107<\/a><\/p>\n\n\n\n<p><a href=\"https:\/\/sklep.alinaduchnowska.pl\/sklepad\/wp-content\/uploads\/2023\/04\/Formularz-reklamacji.pdf\">Formularz reklamacji<\/a><\/p>\n\n\n\n<p>Polityka zwrot\u00f3w zosta\u0142a opisana w <a href=\"https:\/\/sklep.alinaduchnowska.pl\/sklepad\/wp-content\/uploads\/2023\/04\/Regulamin-sklepu-online.pdf\" data-type=\"URL\" data-id=\"https:\/\/sklep.alinaduchnowska.pl\/sklepad\/wp-content\/uploads\/2023\/04\/Regulamin-sklepu-online.pdf\">Regulaminie sklepu internetowego<\/a><\/p>\n\n\n\n<p>Je\u015bli chc\u0105 Pa\u0144stwo zwr\u00f3ci\u0107 zam\u00f3wiony towar prosz\u0119 o kontakt: kontakt@alinaduchnowska.pl <\/p>\n\n\n\n<p>Nast\u0119pnie o wype\u0142nienie formularza odst\u0105pienia od umowy zawartej na odleg\u0142o\u015b\u0107 (na g\u00f3rze strony), zapakowanie przesy\u0142ki i odes\u0142anie na adres: Alina Gawry\u015b AD Creations, ul. Tulipan\u00f3w 3a, 40-748 Katowice. Zwrot \u015brodk\u00f3w nast\u0105pi w terminie do 14 dni roboczych od daty otrzymania przesy\u0142ki zwrotnej.<\/p>\n\n\n\n<p>Koszty przesy\u0142ki zwrotnej ponosi nadawca.<\/p>\n\n\n\n<p>Zwracany towar musi by\u0107 nowy i nieu\u017cywany.<\/p>\n","protected":false},"excerpt":{"rendered":"<p>Formularz odst\u0105pienia od umowy zawartej na odleg\u0142o\u015b\u0107 Formularz reklamacji Polityka zwrot\u00f3w zosta\u0142a opisana w Regulaminie sklepu internetowego Je\u015bli chc\u0105 Pa\u0144stwo&#8230;<\/p>\n","protected":false},"author":1,"featured_media":0,"parent":0,"menu_order":0,"comment_status":"open","ping_status":"closed","template":"","meta":{"two_page_speed":[],"footnotes":""},"class_list":["post-10","page","type-page","status-publish","hentry"],"yoast_head":"<!-- This site is optimized with the Yoast SEO plugin v27.1.1 - https:\/\/yoast.com\/product\/yoast-seo-wordpress\/ -->\n<title>Polityka zwrot\u00f3w - Sklep Alina Duchnowska<\/title>\n<meta name=\"robots\" content=\"index, follow, max-snippet:-1, max-image-preview:large, max-video-preview:-1\" \/>\n<link rel=\"canonical\" href=\"https:\/\/sklep.alinaduchnowska.pl\/sklepad\/index.php\/zwroty\/\" \/>\n<meta property=\"og:locale\" content=\"en_US\" \/>\n<meta property=\"og:type\" content=\"article\" \/>\n<meta property=\"og:title\" content=\"Polityka zwrot\u00f3w - Sklep Alina Duchnowska\" \/>\n<meta property=\"og:description\" content=\"Formularz odst\u0105pienia od umowy zawartej na odleg\u0142o\u015b\u0107 Formularz reklamacji Polityka zwrot\u00f3w zosta\u0142a opisana w Regulaminie sklepu internetowego Je\u015bli chc\u0105 Pa\u0144stwo...\" \/>\n<meta property=\"og:url\" content=\"https:\/\/sklep.alinaduchnowska.pl\/sklepad\/index.php\/zwroty\/\" \/>\n<meta property=\"og:site_name\" content=\"Sklep Alina Duchnowska\" \/>\n<meta property=\"article:publisher\" content=\"https:\/\/www.facebook.com\/alinaduchnowskaautorka\" \/>\n<meta name=\"twitter:card\" content=\"summary_large_image\" \/>\n<meta name=\"twitter:label1\" content=\"Est. reading time\" \/>\n\t<meta name=\"twitter:data1\" content=\"1 minute\" \/>\n<script type=\"application\/ld+json\" class=\"yoast-schema-graph\">{\"@context\":\"https:\/\/schema.org\",\"@graph\":[{\"@type\":\"WebPage\",\"@id\":\"https:\/\/sklep.alinaduchnowska.pl\/sklepad\/index.php\/zwroty\/\",\"url\":\"https:\/\/sklep.alinaduchnowska.pl\/sklepad\/index.php\/zwroty\/\",\"name\":\"Polityka zwrot\u00f3w - Sklep Alina Duchnowska\",\"isPartOf\":{\"@id\":\"https:\/\/sklep.alinaduchnowska.pl\/sklepad\/#website\"},\"datePublished\":\"2023-04-28T10:31:26+00:00\",\"breadcrumb\":{\"@id\":\"https:\/\/sklep.alinaduchnowska.pl\/sklepad\/index.php\/zwroty\/#breadcrumb\"},\"inLanguage\":\"en-US\",\"potentialAction\":[{\"@type\":\"ReadAction\",\"target\":[\"https:\/\/sklep.alinaduchnowska.pl\/sklepad\/index.php\/zwroty\/\"]}]},{\"@type\":\"BreadcrumbList\",\"@id\":\"https:\/\/sklep.alinaduchnowska.pl\/sklepad\/index.php\/zwroty\/#breadcrumb\",\"itemListElement\":[{\"@type\":\"ListItem\",\"position\":1,\"name\":\"Strona g\u0142\u00f3wna\",\"item\":\"https:\/\/sklep.alinaduchnowska.pl\/sklepad\/\"},{\"@type\":\"ListItem\",\"position\":2,\"name\":\"Polityka zwrot\u00f3w\"}]},{\"@type\":\"WebSite\",\"@id\":\"https:\/\/sklep.alinaduchnowska.pl\/sklepad\/#website\",\"url\":\"https:\/\/sklep.alinaduchnowska.pl\/sklepad\/\",\"name\":\"Sklep Alina Duchnowska\",\"description\":\"\",\"publisher\":{\"@id\":\"https:\/\/sklep.alinaduchnowska.pl\/sklepad\/#\/schema\/person\/5a03d5ff8b938bf848d10e19e2909440\"},\"potentialAction\":[{\"@type\":\"SearchAction\",\"target\":{\"@type\":\"EntryPoint\",\"urlTemplate\":\"https:\/\/sklep.alinaduchnowska.pl\/sklepad\/?s={search_term_string}\"},\"query-input\":{\"@type\":\"PropertyValueSpecification\",\"valueRequired\":true,\"valueName\":\"search_term_string\"}}],\"inLanguage\":\"en-US\"},{\"@type\":[\"Person\",\"Organization\"],\"@id\":\"https:\/\/sklep.alinaduchnowska.pl\/sklepad\/#\/schema\/person\/5a03d5ff8b938bf848d10e19e2909440\",\"name\":\"alinadasklep\",\"image\":{\"@type\":\"ImageObject\",\"inLanguage\":\"en-US\",\"@id\":\"https:\/\/sklep.alinaduchnowska.pl\/sklepad\/#\/schema\/person\/image\/\",\"url\":\"https:\/\/sklep.alinaduchnowska.pl\/sklepad\/wp-content\/uploads\/2023\/04\/logo-kolor-mini-jpg.jpg\",\"contentUrl\":\"https:\/\/sklep.alinaduchnowska.pl\/sklepad\/wp-content\/uploads\/2023\/04\/logo-kolor-mini-jpg.jpg\",\"width\":197,\"height\":197,\"caption\":\"alinadasklep\"},\"logo\":{\"@id\":\"https:\/\/sklep.alinaduchnowska.pl\/sklepad\/#\/schema\/person\/image\/\"},\"description\":\"Urodzona w 1988. Pisarka i samodzielna wydawczyni, autorka cyklu fantasy \u201eKlan Smoka\u201d. Lubi snu\u0107 opowie\u015bci o magii i mi\u0142o\u015bci. Wielbicielka mangi i anime oraz zapalona r\u0119kodzielniczka. Mi\u0142o\u015bci\u0105 jej \u017cycia s\u0105 koty, kt\u00f3re lgn\u0105 do niej ca\u0142ymi stadami. Dlatego gdziekolwiek idzie, towarzysz\u0105 jej chmury kociego futerka.\",\"sameAs\":[\"http:\/\/sklep.alinaduchnowska.pl\/sklepad\",\"https:\/\/www.facebook.com\/alinaduchnowskaautorka\",\"https:\/\/www.instagram.com\/alina_duchnowska_autorka\/\",\"https:\/\/www.youtube.com\/channel\/UCdmmU95sCOeZjpMXyH2zw3w\"]}]}<\/script>\n<!-- \/ Yoast SEO plugin. -->","yoast_head_json":{"title":"Polityka zwrot\u00f3w - Sklep Alina Duchnowska","robots":{"index":"index","follow":"follow","max-snippet":"max-snippet:-1","max-image-preview":"max-image-preview:large","max-video-preview":"max-video-preview:-1"},"canonical":"https:\/\/sklep.alinaduchnowska.pl\/sklepad\/index.php\/zwroty\/","og_locale":"en_US","og_type":"article","og_title":"Polityka zwrot\u00f3w - Sklep Alina Duchnowska","og_description":"Formularz odst\u0105pienia od umowy zawartej na odleg\u0142o\u015b\u0107 Formularz reklamacji Polityka zwrot\u00f3w zosta\u0142a opisana w Regulaminie sklepu internetowego Je\u015bli chc\u0105 Pa\u0144stwo...","og_url":"https:\/\/sklep.alinaduchnowska.pl\/sklepad\/index.php\/zwroty\/","og_site_name":"Sklep Alina Duchnowska","article_publisher":"https:\/\/www.facebook.com\/alinaduchnowskaautorka","twitter_card":"summary_large_image","twitter_misc":{"Est. reading time":"1 minute"},"schema":{"@context":"https:\/\/schema.org","@graph":[{"@type":"WebPage","@id":"https:\/\/sklep.alinaduchnowska.pl\/sklepad\/index.php\/zwroty\/","url":"https:\/\/sklep.alinaduchnowska.pl\/sklepad\/index.php\/zwroty\/","name":"Polityka zwrot\u00f3w - Sklep Alina Duchnowska","isPartOf":{"@id":"https:\/\/sklep.alinaduchnowska.pl\/sklepad\/#website"},"datePublished":"2023-04-28T10:31:26+00:00","breadcrumb":{"@id":"https:\/\/sklep.alinaduchnowska.pl\/sklepad\/index.php\/zwroty\/#breadcrumb"},"inLanguage":"en-US","potentialAction":[{"@type":"ReadAction","target":["https:\/\/sklep.alinaduchnowska.pl\/sklepad\/index.php\/zwroty\/"]}]},{"@type":"BreadcrumbList","@id":"https:\/\/sklep.alinaduchnowska.pl\/sklepad\/index.php\/zwroty\/#breadcrumb","itemListElement":[{"@type":"ListItem","position":1,"name":"Strona g\u0142\u00f3wna","item":"https:\/\/sklep.alinaduchnowska.pl\/sklepad\/"},{"@type":"ListItem","position":2,"name":"Polityka zwrot\u00f3w"}]},{"@type":"WebSite","@id":"https:\/\/sklep.alinaduchnowska.pl\/sklepad\/#website","url":"https:\/\/sklep.alinaduchnowska.pl\/sklepad\/","name":"Sklep Alina Duchnowska","description":"","publisher":{"@id":"https:\/\/sklep.alinaduchnowska.pl\/sklepad\/#\/schema\/person\/5a03d5ff8b938bf848d10e19e2909440"},"potentialAction":[{"@type":"SearchAction","target":{"@type":"EntryPoint","urlTemplate":"https:\/\/sklep.alinaduchnowska.pl\/sklepad\/?s={search_term_string}"},"query-input":{"@type":"PropertyValueSpecification","valueRequired":true,"valueName":"search_term_string"}}],"inLanguage":"en-US"},{"@type":["Person","Organization"],"@id":"https:\/\/sklep.alinaduchnowska.pl\/sklepad\/#\/schema\/person\/5a03d5ff8b938bf848d10e19e2909440","name":"alinadasklep","image":{"@type":"ImageObject","inLanguage":"en-US","@id":"https:\/\/sklep.alinaduchnowska.pl\/sklepad\/#\/schema\/person\/image\/","url":"https:\/\/sklep.alinaduchnowska.pl\/sklepad\/wp-content\/uploads\/2023\/04\/logo-kolor-mini-jpg.jpg","contentUrl":"https:\/\/sklep.alinaduchnowska.pl\/sklepad\/wp-content\/uploads\/2023\/04\/logo-kolor-mini-jpg.jpg","width":197,"height":197,"caption":"alinadasklep"},"logo":{"@id":"https:\/\/sklep.alinaduchnowska.pl\/sklepad\/#\/schema\/person\/image\/"},"description":"Urodzona w 1988. Pisarka i samodzielna wydawczyni, autorka cyklu fantasy \u201eKlan Smoka\u201d. Lubi snu\u0107 opowie\u015bci o magii i mi\u0142o\u015bci. Wielbicielka mangi i anime oraz zapalona r\u0119kodzielniczka. Mi\u0142o\u015bci\u0105 jej \u017cycia s\u0105 koty, kt\u00f3re lgn\u0105 do niej ca\u0142ymi stadami. Dlatego gdziekolwiek idzie, towarzysz\u0105 jej chmury kociego futerka.","sameAs":["http:\/\/sklep.alinaduchnowska.pl\/sklepad","https:\/\/www.facebook.com\/alinaduchnowskaautorka","https:\/\/www.instagram.com\/alina_duchnowska_autorka\/","https:\/\/www.youtube.com\/channel\/UCdmmU95sCOeZjpMXyH2zw3w"]}]}},"jetpack_sharing_enabled":true,"_links":{"self":[{"href":"https:\/\/sklep.alinaduchnowska.pl\/sklepad\/index.php\/wp-json\/wp\/v2\/pages\/10","targetHints":{"allow":["GET"]}}],"collection":[{"href":"https:\/\/sklep.alinaduchnowska.pl\/sklepad\/index.php\/wp-json\/wp\/v2\/pages"}],"about":[{"href":"https:\/\/sklep.alinaduchnowska.pl\/sklepad\/index.php\/wp-json\/wp\/v2\/types\/page"}],"author":[{"embeddable":true,"href":"https:\/\/sklep.alinaduchnowska.pl\/sklepad\/index.php\/wp-json\/wp\/v2\/users\/1"}],"replies":[{"embeddable":true,"href":"https:\/\/sklep.alinaduchnowska.pl\/sklepad\/index.php\/wp-json\/wp\/v2\/comments?post=10"}],"version-history":[{"count":1,"href":"https:\/\/sklep.alinaduchnowska.pl\/sklepad\/index.php\/wp-json\/wp\/v2\/pages\/10\/revisions"}],"predecessor-version":[{"id":137,"href":"https:\/\/sklep.alinaduchnowska.pl\/sklepad\/index.php\/wp-json\/wp\/v2\/pages\/10\/revisions\/137"}],"wp:attachment":[{"href":"https:\/\/sklep.alinaduchnowska.pl\/sklepad\/index.php\/wp-json\/wp\/v2\/media?parent=10"}],"curies":[{"name":"wp","href":"https:\/\/api.w.org\/{rel}","templated":true}]}}